{"id":1939,"date":"2020-04-12T23:30:00","date_gmt":"2020-04-12T23:30:00","guid":{"rendered":"https:\/\/mondialfoods.s6.testremarkable.nl\/?page_id=1939"},"modified":"2024-07-05T13:23:40","modified_gmt":"2024-07-05T13:23:40","slug":"acerca-mondial-foods","status":"publish","type":"page","link":"https:\/\/mondialfoods.s6.testremarkable.nl\/es\/acerca-mondial-foods\/","title":{"rendered":"Acerca"},"content":{"rendered":"\n<p>Mondial\nFoods fue fundada en 2002 en los Pa\u00edses Bajos. Con su experiencia en la\nindustria c\u00e1rnica holandesa, los propietarios de Mondial Foods comenzaron a\ncomerciar con <a href=\"https:\/\/mondialfoods.s6.testremarkable.nl\/products\/meat\"><strong>carne de cerdo<\/strong><\/a> refrigerada\ny congelada. Esto se llev\u00f3 a cabo entre pa\u00edses de Europa occidental y oriental\nbajo el nombre anterior de la empresa, Mondial Meat Trading. Junto con las corral y la <a href=\"https:\/\/mondialfoods.s6.testremarkable.nl\/products\/meat\"><strong>carne de res<\/strong> <\/a>, esta actividad pas\u00f3 a convertirse r\u00e1pidamente en parte\nimportante de las ventas.<\/p>\n\n\n\n<p>Por raz\u00f3n\ndel aumento en la demanda de diversos productos alimenticios, Mondial Foods ha\nlogrado ventas sostenidas. Esto se ha dado en otras \u00e1reas de productos como son\nlas <a href=\"https:\/\/mondialfoods.s6.testremarkable.nl\/products\/potatoes\/\"><strong>Papas a la francesa<\/strong><\/a><strong>, <\/strong><a href=\"https:\/\/mondialfoods.s6.testremarkable.nl\/products\/potatoes\/\"><strong>productos a base de papas<\/strong><\/a><strong>, <\/strong><a href=\"https:\/\/mondialfoods.s6.testremarkable.nl\/products\/vegetables\"><strong>vegetales<\/strong><\/a><strong>,<\/strong> <a href=\"https:\/\/mondialfoods.s6.testremarkable.nl\/products\/dairy\"><strong>l\u00e1cteos<\/strong><\/a><strong>&nbsp;<\/strong>y <a href=\"https:\/\/mondialfoods.s6.testremarkable.nl\/products\/frozen-seafood\/\"><strong>mariscos.<\/strong><\/a> Estos\nnuevos sectores a su vez han desarrollado fuertes relaciones con los\nproductores de alimentos en toda Europa, como tambi\u00e9n con productores de\nNorteam\u00e9rica y Sudam\u00e9rica. Hoy d\u00eda, contamos con un equipo de adquisici\u00f3n local\ncualificado que nos permite asegurar sus productos a las especificaciones y\nprecios adecuados, junto con el servicio log\u00edstico integral que usted espera.<\/p>\n\n\n\n<p>Adem\u00e1s de nuestra oficina de adquisiciones en los Pa\u00edses Bajos y Brasil, Mondial Foods ha desarrollado una s\u00f3lida fuerza de ventas en Filipinas y Arabia Saudita. Los tres anteriores son mercados espec\u00edficos en los cuales es vital mejorar el servicio al cliente a fin de preservar las relaciones. Tenemos adem\u00e1s alianzas estrat\u00e9gicas en Corea del Sur, Australia, Singapur y Malasia.<\/p>\n\n\n\n<p>A partir de 2023, Mondial Foods tiene 7 oficinas en todo el mundo. Nuestra oficina central est\u00e1 en Colmschate, Pa\u00edses Bajos. Adem\u00e1s de nuestra oficina central, tambi\u00e9n tenemos oficinas en Arabia Saudita, Filipinas, Brasil, Emiratos \u00c1rabes Unidos y Curazao.<\/p>\n\n\n\n<figure class=\"wp-block-image size-large\"><img loading=\"lazy\" decoding=\"async\" width=\"731\" height=\"291\" src=\"https:\/\/mondialfoods.s6.testremarkable.nl\/wp-content\/uploads\/Mission-Vision-Values-ESP.jpg\" alt=\"\" class=\"wp-image-3843\" srcset=\"https:\/\/mondialfoods.s6.testremarkable.nl\/wp-content\/uploads\/Mission-Vision-Values-ESP.jpg 731w, https:\/\/mondialfoods.s6.testremarkable.nl\/wp-content\/uploads\/Mission-Vision-Values-ESP-300x119.jpg 300w\" sizes=\"(max-width: 731px) 100vw, 731px\" \/><\/figure>\n\n\n\n<h2 class=\"wp-block-heading\">Nuestra\nmisi\u00f3n<\/h2>\n\n\n\n<p>Nuestra misi\u00f3n es desarrollar oportunidades de negocios para productos alimenticios de calidad con precios competitivos. Adem\u00e1s, a fin de apoyar a nuestros clientes en sus operaciones de producci\u00f3n y comercializaci\u00f3n locales, nuestro compromiso es trabajar de la mano con los cultivadores y productores que trabajan arduamente para hacen todo esto posible.<\/p>\n\n\n\n<h2 class=\"wp-block-heading\">Nuestra visi\u00f3n<\/h2>\n\n\n\n<p>Mantenerse como un importante proveedor de alimentos de calidad con un excelente servicio al cliente ofreciendo un servicio integral, flexible, con consistencia y presentaci\u00f3n.<\/p>\n\n\n\n<h2 class=\"wp-block-heading\">Nuestros\nvalores<\/h2>\n\n\n\n<ul class=\"wp-block-list\">\n<li>Los requisitos de los productos y el servicio al cliente rigen nuestras operaciones.<\/li>\n\n\n\n<li>La seguridad alimentaria y la capacidad de rastreo es clave.<\/li>\n\n\n\n<li>Personal con la capacitaci\u00f3n adecuada para el trabajo de adquisici\u00f3n, desarrollo de productos y ventas.<\/li>\n\n\n\n<li>Asumir responsabilidad en la aseguraci\u00f3n de relaciones duraderas.<\/li>\n\n\n\n<li>Servicio de atenci\u00f3n al cliente las 24 horas del d\u00eda, en el lugar y momento que sea necesario.<\/li>\n\n\n\n<li>Informaci\u00f3n de mercado actualizada y un servicio log\u00edstico integral para hacerle la vida m\u00e1s f\u00e1cil.<\/li>\n<\/ul>\n","protected":false},"excerpt":{"rendered":"<p>Mondial Foods fue fundada en 2002 en los Pa\u00edses Bajos. Con su experiencia en la industria c\u00e1rnica holandesa, los propietarios de Mondial Foods comenzaron a comerciar con carne de cerdo refrigerada y congelada. Esto se llev\u00f3 a cabo entre pa\u00edses de Europa occidental y oriental bajo el nombre anterior de la empresa, Mondial Meat Trading. &hellip; <a href=\"https:\/\/mondialfoods.s6.testremarkable.nl\/es\/acerca-mondial-foods\/\">Contin\u00faa<\/a><\/p>\n","protected":false},"author":2,"featured_media":0,"parent":0,"menu_order":1,"comment_status":"open","ping_status":"open","template":"","meta":{"_acf_changed":false,"_monsterinsights_skip_tracking":false,"_monsterinsights_sitenote_active":false,"_monsterinsights_sitenote_note":"","_monsterinsights_sitenote_category":0,"footnotes":""},"class_list":["post-1939","page","type-page","status-publish","hentry"],"acf":[],"yoast_head":"<!-- This site is optimized with the Yoast SEO plugin v21.9.1 - https:\/\/yoast.com\/wordpress\/plugins\/seo\/ -->\n<title>Mondial Foods es una empresa de exportaci\u00f3n mundial.<\/title>\n<meta name=\"description\" content=\"Mondial Foods es una empresa de importar - exportaci\u00f3n que ofrece soluciones alimentarias para diferentes productos\" \/>\n<meta name=\"robots\" content=\"index, follow, max-snippet:-1, max-image-preview:large, max-video-preview:-1\" \/>\n<link rel=\"canonical\" href=\"https:\/\/mondialfoods.s6.testremarkable.nl\/es\/acerca-mondial-foods\/\" \/>\n<meta property=\"og:locale\" content=\"es_ES\" \/>\n<meta property=\"og:type\" content=\"article\" \/>\n<meta property=\"og:title\" content=\"Mondial Foods es una empresa de exportaci\u00f3n mundial.\" \/>\n<meta property=\"og:description\" content=\"Mondial Foods es una empresa de importar - exportaci\u00f3n que ofrece soluciones alimentarias para diferentes productos\" \/>\n<meta property=\"og:url\" content=\"https:\/\/mondialfoods.s6.testremarkable.nl\/es\/acerca-mondial-foods\/\" \/>\n<meta property=\"og:site_name\" content=\"Mondial Foods\" \/>\n<meta property=\"article:modified_time\" content=\"2024-07-05T13:23:40+00:00\" \/>\n<meta property=\"og:image\" content=\"https:\/\/mondialfoods.s6.testremarkable.nl\/wp-content\/uploads\/Mission-Vision-Values-ESP.jpg\" \/>\n<meta name=\"twitter:label1\" content=\"Tiempo de lectura\" \/>\n\t<meta name=\"twitter:data1\" content=\"3 minutos\" \/>\n<script type=\"application\/ld+json\" class=\"yoast-schema-graph\">{\"@context\":\"https:\/\/schema.org\",\"@graph\":[{\"@type\":\"WebPage\",\"@id\":\"https:\/\/mondialfoods.s6.testremarkable.nl\/es\/acerca-mondial-foods\/\",\"url\":\"https:\/\/mondialfoods.s6.testremarkable.nl\/es\/acerca-mondial-foods\/\",\"name\":\"Mondial Foods es una empresa de exportaci\u00f3n mundial.\",\"isPartOf\":{\"@id\":\"https:\/\/mondialfoods.s6.testremarkable.nl\/en\/#website\"},\"datePublished\":\"2020-04-12T23:30:00+00:00\",\"dateModified\":\"2024-07-05T13:23:40+00:00\",\"description\":\"Mondial Foods es una empresa de importar - exportaci\u00f3n que ofrece soluciones alimentarias para diferentes productos\",\"breadcrumb\":{\"@id\":\"https:\/\/mondialfoods.s6.testremarkable.nl\/es\/acerca-mondial-foods\/#breadcrumb\"},\"inLanguage\":\"es\",\"potentialAction\":[{\"@type\":\"ReadAction\",\"target\":[\"https:\/\/mondialfoods.s6.testremarkable.nl\/es\/acerca-mondial-foods\/\"]}]},{\"@type\":\"BreadcrumbList\",\"@id\":\"https:\/\/mondialfoods.s6.testremarkable.nl\/es\/acerca-mondial-foods\/#breadcrumb\",\"itemListElement\":[{\"@type\":\"ListItem\",\"position\":1,\"name\":\"Home\",\"item\":\"https:\/\/mondialfoods.s6.testremarkable.nl\/es\/\"},{\"@type\":\"ListItem\",\"position\":2,\"name\":\"Acerca\"}]},{\"@type\":\"WebSite\",\"@id\":\"https:\/\/mondialfoods.s6.testremarkable.nl\/en\/#website\",\"url\":\"https:\/\/mondialfoods.s6.testremarkable.nl\/en\/\",\"name\":\"Mondial Foods\",\"description\":\"A worldwide food solution\",\"potentialAction\":[{\"@type\":\"SearchAction\",\"target\":{\"@type\":\"EntryPoint\",\"urlTemplate\":\"https:\/\/mondialfoods.s6.testremarkable.nl\/en\/?s={search_term_string}\"},\"query-input\":\"required name=search_term_string\"}],\"inLanguage\":\"es\"}]}<\/script>\n<!-- \/ Yoast SEO plugin. -->","yoast_head_json":{"title":"Mondial Foods es una empresa de exportaci\u00f3n mundial.","description":"Mondial Foods es una empresa de importar - exportaci\u00f3n que ofrece soluciones alimentarias para diferentes productos","robots":{"index":"index","follow":"follow","max-snippet":"max-snippet:-1","max-image-preview":"max-image-preview:large","max-video-preview":"max-video-preview:-1"},"canonical":"https:\/\/mondialfoods.s6.testremarkable.nl\/es\/acerca-mondial-foods\/","og_locale":"es_ES","og_type":"article","og_title":"Mondial Foods es una empresa de exportaci\u00f3n mundial.","og_description":"Mondial Foods es una empresa de importar - exportaci\u00f3n que ofrece soluciones alimentarias para diferentes productos","og_url":"https:\/\/mondialfoods.s6.testremarkable.nl\/es\/acerca-mondial-foods\/","og_site_name":"Mondial Foods","article_modified_time":"2024-07-05T13:23:40+00:00","og_image":[{"url":"https:\/\/mondialfoods.s6.testremarkable.nl\/wp-content\/uploads\/Mission-Vision-Values-ESP.jpg"}],"twitter_misc":{"Tiempo de lectura":"3 minutos"},"schema":{"@context":"https:\/\/schema.org","@graph":[{"@type":"WebPage","@id":"https:\/\/mondialfoods.s6.testremarkable.nl\/es\/acerca-mondial-foods\/","url":"https:\/\/mondialfoods.s6.testremarkable.nl\/es\/acerca-mondial-foods\/","name":"Mondial Foods es una empresa de exportaci\u00f3n mundial.","isPartOf":{"@id":"https:\/\/mondialfoods.s6.testremarkable.nl\/en\/#website"},"datePublished":"2020-04-12T23:30:00+00:00","dateModified":"2024-07-05T13:23:40+00:00","description":"Mondial Foods es una empresa de importar - exportaci\u00f3n que ofrece soluciones alimentarias para diferentes productos","breadcrumb":{"@id":"https:\/\/mondialfoods.s6.testremarkable.nl\/es\/acerca-mondial-foods\/#breadcrumb"},"inLanguage":"es","potentialAction":[{"@type":"ReadAction","target":["https:\/\/mondialfoods.s6.testremarkable.nl\/es\/acerca-mondial-foods\/"]}]},{"@type":"BreadcrumbList","@id":"https:\/\/mondialfoods.s6.testremarkable.nl\/es\/acerca-mondial-foods\/#breadcrumb","itemListElement":[{"@type":"ListItem","position":1,"name":"Home","item":"https:\/\/mondialfoods.s6.testremarkable.nl\/es\/"},{"@type":"ListItem","position":2,"name":"Acerca"}]},{"@type":"WebSite","@id":"https:\/\/mondialfoods.s6.testremarkable.nl\/en\/#website","url":"https:\/\/mondialfoods.s6.testremarkable.nl\/en\/","name":"Mondial Foods","description":"A worldwide food solution","potentialAction":[{"@type":"SearchAction","target":{"@type":"EntryPoint","urlTemplate":"https:\/\/mondialfoods.s6.testremarkable.nl\/en\/?s={search_term_string}"},"query-input":"required name=search_term_string"}],"inLanguage":"es"}]}},"_links":{"self":[{"href":"https:\/\/mondialfoods.s6.testremarkable.nl\/es\/wp-json\/wp\/v2\/pages\/1939"}],"collection":[{"href":"https:\/\/mondialfoods.s6.testremarkable.nl\/es\/wp-json\/wp\/v2\/pages"}],"about":[{"href":"https:\/\/mondialfoods.s6.testremarkable.nl\/es\/wp-json\/wp\/v2\/types\/page"}],"author":[{"embeddable":true,"href":"https:\/\/mondialfoods.s6.testremarkable.nl\/es\/wp-json\/wp\/v2\/users\/2"}],"replies":[{"embeddable":true,"href":"https:\/\/mondialfoods.s6.testremarkable.nl\/es\/wp-json\/wp\/v2\/comments?post=1939"}],"version-history":[{"count":2,"href":"https:\/\/mondialfoods.s6.testremarkable.nl\/es\/wp-json\/wp\/v2\/pages\/1939\/revisions"}],"predecessor-version":[{"id":4111,"href":"https:\/\/mondialfoods.s6.testremarkable.nl\/es\/wp-json\/wp\/v2\/pages\/1939\/revisions\/4111"}],"wp:attachment":[{"href":"https:\/\/mondialfoods.s6.testremarkable.nl\/es\/wp-json\/wp\/v2\/media?parent=1939"}],"curies":[{"name":"wp","href":"https:\/\/api.w.org\/{rel}","templated":true}]}}