{"id":2852,"date":"2022-01-21T12:15:54","date_gmt":"2022-01-21T12:15:54","guid":{"rendered":"https:\/\/mondialfoods.s6.testremarkable.nl\/contacto\/curacao\/"},"modified":"2023-11-15T14:04:10","modified_gmt":"2023-11-15T14:04:10","slug":"oficina-del-caribe","status":"publish","type":"page","link":"https:\/\/mondialfoods.s6.testremarkable.nl\/es\/contacto\/oficina-del-caribe\/","title":{"rendered":"Curazao"},"content":{"rendered":"<p>test tekst<\/p>\n","protected":false},"excerpt":{"rendered":"<p>test tekst<\/p>\n","protected":false},"author":1,"featured_media":0,"parent":2072,"menu_order":0,"comment_status":"open","ping_status":"closed","template":"template-country.php","meta":{"_acf_changed":false,"_monsterinsights_skip_tracking":false,"_monsterinsights_sitenote_active":false,"_monsterinsights_sitenote_note":"","_monsterinsights_sitenote_category":0,"footnotes":""},"class_list":["post-2852","page","type-page","status-publish","hentry"],"acf":[],"yoast_head":"<!-- This site is optimized with the Yoast SEO plugin v21.9.1 - https:\/\/yoast.com\/wordpress\/plugins\/seo\/ -->\n<title>Oficina del Caribe: cont\u00e1ctenos para obtener m\u00e1s informaci\u00f3n.<\/title>\n<meta name=\"description\" content=\"Para asegurar a nuestros clientes en Am\u00e9rica Latina y el Caribe la mejor atenci\u00f3n, abrimos una Oficina del Caribe en Curazao.\" \/>\n<meta name=\"robots\" content=\"index, follow, max-snippet:-1, max-image-preview:large, max-video-preview:-1\" \/>\n<link rel=\"canonical\" href=\"https:\/\/mondialfoods.s6.testremarkable.nl\/es\/contacto\/oficina-del-caribe\/\" \/>\n<meta property=\"og:locale\" content=\"es_ES\" \/>\n<meta property=\"og:type\" content=\"article\" \/>\n<meta property=\"og:title\" content=\"Oficina del Caribe: cont\u00e1ctenos para obtener m\u00e1s informaci\u00f3n.\" \/>\n<meta property=\"og:description\" content=\"Para asegurar a nuestros clientes en Am\u00e9rica Latina y el Caribe la mejor atenci\u00f3n, abrimos una Oficina del Caribe en Curazao.\" \/>\n<meta property=\"og:url\" content=\"https:\/\/mondialfoods.s6.testremarkable.nl\/es\/contacto\/oficina-del-caribe\/\" \/>\n<meta property=\"og:site_name\" content=\"Mondial Foods\" \/>\n<meta property=\"article:modified_time\" content=\"2023-11-15T14:04:10+00:00\" \/>\n<meta name=\"twitter:label1\" content=\"Tiempo de lectura\" \/>\n\t<meta name=\"twitter:data1\" content=\"1 minuto\" \/>\n<script type=\"application\/ld+json\" class=\"yoast-schema-graph\">{\"@context\":\"https:\/\/schema.org\",\"@graph\":[{\"@type\":\"WebPage\",\"@id\":\"https:\/\/mondialfoods.s6.testremarkable.nl\/es\/contacto\/oficina-del-caribe\/\",\"url\":\"https:\/\/mondialfoods.s6.testremarkable.nl\/es\/contacto\/oficina-del-caribe\/\",\"name\":\"Oficina del Caribe: cont\u00e1ctenos para obtener m\u00e1s informaci\u00f3n.\",\"isPartOf\":{\"@id\":\"https:\/\/mondialfoods.s6.testremarkable.nl\/en\/#website\"},\"datePublished\":\"2022-01-21T12:15:54+00:00\",\"dateModified\":\"2023-11-15T14:04:10+00:00\",\"description\":\"Para asegurar a nuestros clientes en Am\u00e9rica Latina y el Caribe la mejor atenci\u00f3n, abrimos una Oficina del Caribe en Curazao.\",\"breadcrumb\":{\"@id\":\"https:\/\/mondialfoods.s6.testremarkable.nl\/es\/contacto\/oficina-del-caribe\/#breadcrumb\"},\"inLanguage\":\"es\",\"potentialAction\":[{\"@type\":\"ReadAction\",\"target\":[\"https:\/\/mondialfoods.s6.testremarkable.nl\/es\/contacto\/oficina-del-caribe\/\"]}]},{\"@type\":\"BreadcrumbList\",\"@id\":\"https:\/\/mondialfoods.s6.testremarkable.nl\/es\/contacto\/oficina-del-caribe\/#breadcrumb\",\"itemListElement\":[{\"@type\":\"ListItem\",\"position\":1,\"name\":\"Home\",\"item\":\"https:\/\/mondialfoods.s6.testremarkable.nl\/es\/\"},{\"@type\":\"ListItem\",\"position\":2,\"name\":\"Contacto\",\"item\":\"https:\/\/mondialfoods.s6.testremarkable.nl\/es\/contacto\/\"},{\"@type\":\"ListItem\",\"position\":3,\"name\":\"Curazao\"}]},{\"@type\":\"WebSite\",\"@id\":\"https:\/\/mondialfoods.s6.testremarkable.nl\/en\/#website\",\"url\":\"https:\/\/mondialfoods.s6.testremarkable.nl\/en\/\",\"name\":\"Mondial Foods\",\"description\":\"A worldwide food solution\",\"potentialAction\":[{\"@type\":\"SearchAction\",\"target\":{\"@type\":\"EntryPoint\",\"urlTemplate\":\"https:\/\/mondialfoods.s6.testremarkable.nl\/en\/?s={search_term_string}\"},\"query-input\":\"required name=search_term_string\"}],\"inLanguage\":\"es\"}]}<\/script>\n<!-- \/ Yoast SEO plugin. -->","yoast_head_json":{"title":"Oficina del Caribe: cont\u00e1ctenos para obtener m\u00e1s informaci\u00f3n.","description":"Para asegurar a nuestros clientes en Am\u00e9rica Latina y el Caribe la mejor atenci\u00f3n, abrimos una Oficina del Caribe en Curazao.","robots":{"index":"index","follow":"follow","max-snippet":"max-snippet:-1","max-image-preview":"max-image-preview:large","max-video-preview":"max-video-preview:-1"},"canonical":"https:\/\/mondialfoods.s6.testremarkable.nl\/es\/contacto\/oficina-del-caribe\/","og_locale":"es_ES","og_type":"article","og_title":"Oficina del Caribe: cont\u00e1ctenos para obtener m\u00e1s informaci\u00f3n.","og_description":"Para asegurar a nuestros clientes en Am\u00e9rica Latina y el Caribe la mejor atenci\u00f3n, abrimos una Oficina del Caribe en Curazao.","og_url":"https:\/\/mondialfoods.s6.testremarkable.nl\/es\/contacto\/oficina-del-caribe\/","og_site_name":"Mondial Foods","article_modified_time":"2023-11-15T14:04:10+00:00","twitter_misc":{"Tiempo de lectura":"1 minuto"},"schema":{"@context":"https:\/\/schema.org","@graph":[{"@type":"WebPage","@id":"https:\/\/mondialfoods.s6.testremarkable.nl\/es\/contacto\/oficina-del-caribe\/","url":"https:\/\/mondialfoods.s6.testremarkable.nl\/es\/contacto\/oficina-del-caribe\/","name":"Oficina del Caribe: cont\u00e1ctenos para obtener m\u00e1s informaci\u00f3n.","isPartOf":{"@id":"https:\/\/mondialfoods.s6.testremarkable.nl\/en\/#website"},"datePublished":"2022-01-21T12:15:54+00:00","dateModified":"2023-11-15T14:04:10+00:00","description":"Para asegurar a nuestros clientes en Am\u00e9rica Latina y el Caribe la mejor atenci\u00f3n, abrimos una Oficina del Caribe en Curazao.","breadcrumb":{"@id":"https:\/\/mondialfoods.s6.testremarkable.nl\/es\/contacto\/oficina-del-caribe\/#breadcrumb"},"inLanguage":"es","potentialAction":[{"@type":"ReadAction","target":["https:\/\/mondialfoods.s6.testremarkable.nl\/es\/contacto\/oficina-del-caribe\/"]}]},{"@type":"BreadcrumbList","@id":"https:\/\/mondialfoods.s6.testremarkable.nl\/es\/contacto\/oficina-del-caribe\/#breadcrumb","itemListElement":[{"@type":"ListItem","position":1,"name":"Home","item":"https:\/\/mondialfoods.s6.testremarkable.nl\/es\/"},{"@type":"ListItem","position":2,"name":"Contacto","item":"https:\/\/mondialfoods.s6.testremarkable.nl\/es\/contacto\/"},{"@type":"ListItem","position":3,"name":"Curazao"}]},{"@type":"WebSite","@id":"https:\/\/mondialfoods.s6.testremarkable.nl\/en\/#website","url":"https:\/\/mondialfoods.s6.testremarkable.nl\/en\/","name":"Mondial Foods","description":"A worldwide food solution","potentialAction":[{"@type":"SearchAction","target":{"@type":"EntryPoint","urlTemplate":"https:\/\/mondialfoods.s6.testremarkable.nl\/en\/?s={search_term_string}"},"query-input":"required name=search_term_string"}],"inLanguage":"es"}]}},"_links":{"self":[{"href":"https:\/\/mondialfoods.s6.testremarkable.nl\/es\/wp-json\/wp\/v2\/pages\/2852"}],"collection":[{"href":"https:\/\/mondialfoods.s6.testremarkable.nl\/es\/wp-json\/wp\/v2\/pages"}],"about":[{"href":"https:\/\/mondialfoods.s6.testremarkable.nl\/es\/wp-json\/wp\/v2\/types\/page"}],"author":[{"embeddable":true,"href":"https:\/\/mondialfoods.s6.testremarkable.nl\/es\/wp-json\/wp\/v2\/users\/1"}],"replies":[{"embeddable":true,"href":"https:\/\/mondialfoods.s6.testremarkable.nl\/es\/wp-json\/wp\/v2\/comments?post=2852"}],"version-history":[{"count":0,"href":"https:\/\/mondialfoods.s6.testremarkable.nl\/es\/wp-json\/wp\/v2\/pages\/2852\/revisions"}],"up":[{"embeddable":true,"href":"https:\/\/mondialfoods.s6.testremarkable.nl\/es\/wp-json\/wp\/v2\/pages\/2072"}],"wp:attachment":[{"href":"https:\/\/mondialfoods.s6.testremarkable.nl\/es\/wp-json\/wp\/v2\/media?parent=2852"}],"curies":[{"name":"wp","href":"https:\/\/api.w.org\/{rel}","templated":true}]}}