{"id":1933,"date":"2015-03-23T10:10:07","date_gmt":"2015-03-23T10:10:07","guid":{"rendered":"https:\/\/mondialfoods.s6.testremarkable.nl\/food-solutions\/"},"modified":"2024-07-04T16:24:32","modified_gmt":"2024-07-04T16:24:32","slug":"mondial-foods","status":"publish","type":"page","link":"https:\/\/mondialfoods.s6.testremarkable.nl\/fr\/","title":{"rendered":"Accueil"},"content":{"rendered":"<p>Mondial Foods : fournissant des solutions alimentaires dans <strong><a href=\"https:\/\/mondialfoods.s6.testremarkable.nl\/fr\/produits\/viande\/\">la viande<\/a>, <a href=\"https:\/\/mondialfoods.s6.testremarkable.nl\/fr\/produits\/volaille\/\">la volaille<\/a>, <a href=\"https:\/\/mondialfoods.s6.testremarkable.nl\/fr\/produits\/fruits-de-mer\/\">les fruits de mer<\/a>, <a href=\"https:\/\/mondialfoods.s6.testremarkable.nl\/fr\/produits\/legumes-surgeles\/\">les l\u00e9gumes<\/a>, <a href=\"https:\/\/mondialfoods.s6.testremarkable.nl\/fr\/produits\/pommes-de-terre\/\">les frites<\/a>, <a href=\"https:\/\/mondialfoods.s6.testremarkable.nl\/fr\/produits\/pommes-de-terre\/\">les produits \u00e0 base de pommes de terre<\/a><\/strong> et <a href=\"https:\/\/mondialfoods.s6.testremarkable.nl\/fr\/produits\/produit-laitier\/\"><strong>les produits laitiers<\/strong><\/a> dans le monde entier. Nos produits sont exp\u00e9di\u00e9s en vrac, en restauration ou emball\u00e9s par le consommateur. Ces produits conviennent aux industries de transformation, au commerce de gros, aux services alimentaires et aux organisations de vente en d\u00e9tail. Ces produits sont exp\u00e9di\u00e9s vers divers segments de l\u2019industrie alimentaire. Nous livrons nos produits congel\u00e9s ou r\u00e9frig\u00e9r\u00e9s. Nous assurons ainsi vos produits pour r\u00e9pondre aux normes requises en termes de sp\u00e9cifications des produits, d\u2019emballage et de s\u00e9curit\u00e9 alimentaire. Lorsque votre approvisionnement local ne peut pas livrer le bon produit au bon moment et au bon prix, Mondial Foods vous aidera \u00e0 trouver la solution!<\/p>\n<p><img loading=\"lazy\" decoding=\"async\" class=\"alignnone\" title=\"Mondial Foods - Providing Food Solutions\" src=\"https:\/\/mondialfoods.s6.testremarkable.nl\/wp-content\/uploads\/Providing-Food-Solutions-1024x254.jpeg\" alt=\"Mondial Foods - Providing Food Solutions\" width=\"734\" height=\"182\"><\/p>\n","protected":false},"excerpt":{"rendered":"<p>Mondial Foods : fournissant des solutions alimentaires dans la viande, la volaille, les fruits de mer, les l\u00e9gumes, les frites, les produits \u00e0 base de pommes de terre et les produits laitiers dans le monde entier. Nos produits sont exp\u00e9di\u00e9s en vrac, en restauration ou emball\u00e9s par le consommateur. Ces produits conviennent aux industries de &hellip; <a href=\"https:\/\/mondialfoods.s6.testremarkable.nl\/fr\/\">Continuit\u00e9<\/a><\/p>\n","protected":false},"author":1,"featured_media":0,"parent":0,"menu_order":-1,"comment_status":"open","ping_status":"closed","template":"","meta":{"_acf_changed":false,"_monsterinsights_skip_tracking":false,"_monsterinsights_sitenote_active":false,"_monsterinsights_sitenote_note":"","_monsterinsights_sitenote_category":0,"footnotes":""},"class_list":["post-1933","page","type-page","status-publish","hentry"],"acf":[],"yoast_head":"<!-- This site is optimized with the Yoast SEO plugin v21.9.1 - https:\/\/yoast.com\/wordpress\/plugins\/seo\/ -->\n<title>Mondial Foods : Fournissant des solutions alimentaires<\/title>\n<meta name=\"description\" content=\"Fournissant des solutions alimentaires dans la viande, la volaille, les fruits de mer, les l\u00e9gumes, les frites, les produits \u00e0 base de pommes de terre et les produits laitiers dans le monde entier.\" \/>\n<meta name=\"robots\" content=\"index, follow, max-snippet:-1, max-image-preview:large, max-video-preview:-1\" \/>\n<link rel=\"canonical\" href=\"https:\/\/mondialfoods.s6.testremarkable.nl\/fr\/\" \/>\n<meta property=\"og:locale\" content=\"fr_FR\" \/>\n<meta property=\"og:type\" content=\"article\" \/>\n<meta property=\"og:title\" content=\"Mondial Foods : Fournissant des solutions alimentaires\" \/>\n<meta property=\"og:description\" content=\"Fournissant des solutions alimentaires dans la viande, la volaille, les fruits de mer, les l\u00e9gumes, les frites, les produits \u00e0 base de pommes de terre et les produits laitiers dans le monde entier.\" \/>\n<meta property=\"og:url\" content=\"https:\/\/mondialfoods.s6.testremarkable.nl\/fr\/\" \/>\n<meta property=\"og:site_name\" content=\"Mondial Foods\" \/>\n<meta property=\"article:modified_time\" content=\"2024-07-04T16:24:32+00:00\" \/>\n<meta property=\"og:image\" content=\"https:\/\/mondialfoods.s6.testremarkable.nl\/wp-content\/uploads\/Providing-Food-Solutions-1024x254.jpeg\" \/>\n<meta name=\"twitter:label1\" content=\"Dur\u00e9e de lecture estim\u00e9e\" \/>\n\t<meta name=\"twitter:data1\" content=\"1 minute\" \/>\n<script type=\"application\/ld+json\" class=\"yoast-schema-graph\">{\"@context\":\"https:\/\/schema.org\",\"@graph\":[{\"@type\":\"WebPage\",\"@id\":\"https:\/\/mondialfoods.s6.testremarkable.nl\/fr\/\",\"url\":\"https:\/\/mondialfoods.s6.testremarkable.nl\/fr\/\",\"name\":\"Mondial Foods : Fournissant des solutions alimentaires\",\"isPartOf\":{\"@id\":\"https:\/\/mondialfoods.s6.testremarkable.nl\/en\/#website\"},\"datePublished\":\"2015-03-23T10:10:07+00:00\",\"dateModified\":\"2024-07-04T16:24:32+00:00\",\"description\":\"Fournissant des solutions alimentaires dans la viande, la volaille, les fruits de mer, les l\u00e9gumes, les frites, les produits \u00e0 base de pommes de terre et les produits laitiers dans le monde entier.\",\"breadcrumb\":{\"@id\":\"https:\/\/mondialfoods.s6.testremarkable.nl\/fr\/#breadcrumb\"},\"inLanguage\":\"fr-FR\",\"potentialAction\":[{\"@type\":\"ReadAction\",\"target\":[\"https:\/\/mondialfoods.s6.testremarkable.nl\/fr\/\"]}]},{\"@type\":\"BreadcrumbList\",\"@id\":\"https:\/\/mondialfoods.s6.testremarkable.nl\/fr\/#breadcrumb\",\"itemListElement\":[{\"@type\":\"ListItem\",\"position\":1,\"name\":\"Home\",\"item\":\"https:\/\/mondialfoods.s6.testremarkable.nl\/fr\/\"},{\"@type\":\"ListItem\",\"position\":2,\"name\":\"Accueil\"}]},{\"@type\":\"WebSite\",\"@id\":\"https:\/\/mondialfoods.s6.testremarkable.nl\/en\/#website\",\"url\":\"https:\/\/mondialfoods.s6.testremarkable.nl\/en\/\",\"name\":\"Mondial Foods\",\"description\":\"A worldwide food solution\",\"potentialAction\":[{\"@type\":\"SearchAction\",\"target\":{\"@type\":\"EntryPoint\",\"urlTemplate\":\"https:\/\/mondialfoods.s6.testremarkable.nl\/en\/?s={search_term_string}\"},\"query-input\":\"required name=search_term_string\"}],\"inLanguage\":\"fr-FR\"}]}<\/script>\n<!-- \/ Yoast SEO plugin. -->","yoast_head_json":{"title":"Mondial Foods : Fournissant des solutions alimentaires","description":"Fournissant des solutions alimentaires dans la viande, la volaille, les fruits de mer, les l\u00e9gumes, les frites, les produits \u00e0 base de pommes de terre et les produits laitiers dans le monde entier.","robots":{"index":"index","follow":"follow","max-snippet":"max-snippet:-1","max-image-preview":"max-image-preview:large","max-video-preview":"max-video-preview:-1"},"canonical":"https:\/\/mondialfoods.s6.testremarkable.nl\/fr\/","og_locale":"fr_FR","og_type":"article","og_title":"Mondial Foods : Fournissant des solutions alimentaires","og_description":"Fournissant des solutions alimentaires dans la viande, la volaille, les fruits de mer, les l\u00e9gumes, les frites, les produits \u00e0 base de pommes de terre et les produits laitiers dans le monde entier.","og_url":"https:\/\/mondialfoods.s6.testremarkable.nl\/fr\/","og_site_name":"Mondial Foods","article_modified_time":"2024-07-04T16:24:32+00:00","og_image":[{"url":"https:\/\/mondialfoods.s6.testremarkable.nl\/wp-content\/uploads\/Providing-Food-Solutions-1024x254.jpeg"}],"twitter_misc":{"Dur\u00e9e de lecture estim\u00e9e":"1 minute"},"schema":{"@context":"https:\/\/schema.org","@graph":[{"@type":"WebPage","@id":"https:\/\/mondialfoods.s6.testremarkable.nl\/fr\/","url":"https:\/\/mondialfoods.s6.testremarkable.nl\/fr\/","name":"Mondial Foods : Fournissant des solutions alimentaires","isPartOf":{"@id":"https:\/\/mondialfoods.s6.testremarkable.nl\/en\/#website"},"datePublished":"2015-03-23T10:10:07+00:00","dateModified":"2024-07-04T16:24:32+00:00","description":"Fournissant des solutions alimentaires dans la viande, la volaille, les fruits de mer, les l\u00e9gumes, les frites, les produits \u00e0 base de pommes de terre et les produits laitiers dans le monde entier.","breadcrumb":{"@id":"https:\/\/mondialfoods.s6.testremarkable.nl\/fr\/#breadcrumb"},"inLanguage":"fr-FR","potentialAction":[{"@type":"ReadAction","target":["https:\/\/mondialfoods.s6.testremarkable.nl\/fr\/"]}]},{"@type":"BreadcrumbList","@id":"https:\/\/mondialfoods.s6.testremarkable.nl\/fr\/#breadcrumb","itemListElement":[{"@type":"ListItem","position":1,"name":"Home","item":"https:\/\/mondialfoods.s6.testremarkable.nl\/fr\/"},{"@type":"ListItem","position":2,"name":"Accueil"}]},{"@type":"WebSite","@id":"https:\/\/mondialfoods.s6.testremarkable.nl\/en\/#website","url":"https:\/\/mondialfoods.s6.testremarkable.nl\/en\/","name":"Mondial Foods","description":"A worldwide food solution","potentialAction":[{"@type":"SearchAction","target":{"@type":"EntryPoint","urlTemplate":"https:\/\/mondialfoods.s6.testremarkable.nl\/en\/?s={search_term_string}"},"query-input":"required name=search_term_string"}],"inLanguage":"fr-FR"}]}},"_links":{"self":[{"href":"https:\/\/mondialfoods.s6.testremarkable.nl\/fr\/wp-json\/wp\/v2\/pages\/1933"}],"collection":[{"href":"https:\/\/mondialfoods.s6.testremarkable.nl\/fr\/wp-json\/wp\/v2\/pages"}],"about":[{"href":"https:\/\/mondialfoods.s6.testremarkable.nl\/fr\/wp-json\/wp\/v2\/types\/page"}],"author":[{"embeddable":true,"href":"https:\/\/mondialfoods.s6.testremarkable.nl\/fr\/wp-json\/wp\/v2\/users\/1"}],"replies":[{"embeddable":true,"href":"https:\/\/mondialfoods.s6.testremarkable.nl\/fr\/wp-json\/wp\/v2\/comments?post=1933"}],"version-history":[{"count":3,"href":"https:\/\/mondialfoods.s6.testremarkable.nl\/fr\/wp-json\/wp\/v2\/pages\/1933\/revisions"}],"predecessor-version":[{"id":4104,"href":"https:\/\/mondialfoods.s6.testremarkable.nl\/fr\/wp-json\/wp\/v2\/pages\/1933\/revisions\/4104"}],"wp:attachment":[{"href":"https:\/\/mondialfoods.s6.testremarkable.nl\/fr\/wp-json\/wp\/v2\/media?parent=1933"}],"curies":[{"name":"wp","href":"https:\/\/api.w.org\/{rel}","templated":true}]}}