{"id":1952,"date":"2020-04-12T23:30:00","date_gmt":"2020-04-12T23:30:00","guid":{"rendered":"https:\/\/mondialfoods.s6.testremarkable.nl\/?page_id=1952"},"modified":"2024-07-05T13:24:22","modified_gmt":"2024-07-05T13:24:22","slug":"savoir-faire","status":"publish","type":"page","link":"https:\/\/mondialfoods.s6.testremarkable.nl\/fr\/savoir-faire\/","title":{"rendered":"\u00c0 propos de Mondial Foods"},"content":{"rendered":"\n<p>Mondial Foods\na \u00e9t\u00e9 fond\u00e9e en 2002 aux Pays-Bas. Forts de leur exp\u00e9rience dans l\u2019industrie de\nla viande aux Pays-Bas, les propri\u00e9taires de Mondial Foods ont commenc\u00e9 \u00e0\ncommercialiser de la viande de <strong>porc<\/strong>\nr\u00e9frig\u00e9r\u00e9e et congel\u00e9e. A l\u2019\u00e9poque, l\u2019entreprise \u00e9tait pr\u00e9sente dans les pays\nd\u2019Europe occidentale et orientale sous le nom de Mondial Meat Trading. Avec la <strong>volaille<\/strong> et le b\u0153uf, cela est rapidement\ndevenu une partie importante des ventes.<\/p>\n\n\n\n<p>En raison\nd&rsquo;une demande accrue de divers produits alimentaires, Mondial Foods a r\u00e9alis\u00e9\ndes ventes soutenues. Ceci dans d\u2019autres domaines de produits tels que <strong>les frites, les produits \u00e0 base de pommes de terre, les\nl\u00e9gumes, les produits laitiers<\/strong> et <strong>les fruits\nde mer<\/strong>. Ces nouveaux secteurs ont \u00e0 leur tour d\u00e9velopp\u00e9 des\nrelations solides avec les producteurs de denr\u00e9es alimentaires dans toute\nl\u2019Europe ainsi qu\u2019en Am\u00e9rique du Nord et du Sud. Aujourd\u2019hui, nous avons une\n\u00e9quipe d\u2019approvisionnement locale qualifi\u00e9e en place qui nous permet de\ns\u00e9curiser vos produits aux bonnes sp\u00e9cifications et au bon prix avec le service\nlogistique complet que vous attendez.<\/p>\n\n\n\n<p>En plus de nos bureaux d\u2019achat aux Pays-Bas et au Br\u00e9sil, Mondial Foods a d\u00e9velopp\u00e9 une solide force de vente aux Philippines en Arabie Saoudite. Ces trois march\u00e9s sont sp\u00e9cifiques aux endroits o\u00f9 l&rsquo;am\u00e9lioration du service client est essentielle pour des relations durables. De plus, nous avons des alliances strat\u00e9giques en Cor\u00e9e du Sud, en Australie, \u00e0 Singapour et en Malaisie.<\/p>\n\n\n\n<p>Depuis 2023, Mondial Foods compte 7 bureaux dans le monde. Notre si\u00e8ge social est \u00e0 Colmschate &#8211; aux Pays-Bas. Outre notre si\u00e8ge social, nous avons \u00e9galement des bureaux en Arabie Saoudite, aux Philippines, au Br\u00e9sil, aux \u00c9mirats arabes unis et au Cura\u00e7ao.<\/p>\n\n\n\n<figure class=\"wp-block-image size-large\"><img loading=\"lazy\" decoding=\"async\" width=\"731\" height=\"291\" src=\"https:\/\/mondialfoods.s6.testremarkable.nl\/wp-content\/uploads\/Mission-Vision-Values-FR.jpg\" alt=\"\" class=\"wp-image-3839\" srcset=\"https:\/\/mondialfoods.s6.testremarkable.nl\/wp-content\/uploads\/Mission-Vision-Values-FR.jpg 731w, https:\/\/mondialfoods.s6.testremarkable.nl\/wp-content\/uploads\/Mission-Vision-Values-FR-300x119.jpg 300w\" sizes=\"(max-width: 731px) 100vw, 731px\" \/><\/figure>\n\n\n\n<h2 class=\"wp-block-heading\">Notre mission<\/h2>\n\n\n\n<p>Notre mission est de d\u00e9velopper des opportunit\u00e9s commerciales pour des produits alimentaires de qualit\u00e9 \u00e0 des prix comp\u00e9titifs. De plus, pour soutenir nos clients dans leurs op\u00e9rations de production et de commercialisation locales, nous nous engageons \u00e0 travailler main dans la main avec les cultivateurs et les producteurs qui travaillent dur et qui rendent tout cela possible.<\/p>\n\n\n\n<h2 class=\"wp-block-heading\">Notre vision<\/h2>\n\n\n\n<p>Rester un fournisseur important d&rsquo;aliments de qualit\u00e9 avec un service client exceptionnel en offrant un service complet et flexible avec coh\u00e9rence et pr\u00e9sentation.<\/p>\n\n\n\n<h2 class=\"wp-block-heading\">Nos valeurs<\/h2>\n\n\n\n<ul class=\"wp-block-list\">\n<li>Les exigences des\n     produits et le service \u00e0 la client\u00e8le dirigent nos op\u00e9rations.<\/li>\n\n\n\n<li>La s\u00e9curit\u00e9\n     alimentaire et la tra\u00e7abilit\u00e9 sont essentielles.<\/li>\n\n\n\n<li>Des personnes\n     qualifi\u00e9es aptes \u00e0 l\u2019emploi sur les achats, le d\u00e9veloppement de produits\n     et les ventes.<\/li>\n\n\n\n<li>Prendre ses\n     responsabilit\u00e9s, assurer des relations durables.<\/li>\n\n\n\n<li>Service client\n     24h \/ 24, o\u00f9 et quand vous en avez besoin.<\/li>\n\n\n\n<li>Des informations\n     \u00e0 jour sur le march\u00e9 et un service logistique complet pour vous faciliter\n     la vie.<\/li>\n<\/ul>\n","protected":false},"excerpt":{"rendered":"<p>Mondial Foods a \u00e9t\u00e9 fond\u00e9e en 2002 aux Pays-Bas. Forts de leur exp\u00e9rience dans l\u2019industrie de la viande aux Pays-Bas, les propri\u00e9taires de Mondial Foods ont commenc\u00e9 \u00e0 commercialiser de la viande de porc r\u00e9frig\u00e9r\u00e9e et congel\u00e9e. A l\u2019\u00e9poque, l\u2019entreprise \u00e9tait pr\u00e9sente dans les pays d\u2019Europe occidentale et orientale sous le nom de Mondial Meat &hellip; <a href=\"https:\/\/mondialfoods.s6.testremarkable.nl\/fr\/savoir-faire\/\">Continuit\u00e9<\/a><\/p>\n","protected":false},"author":2,"featured_media":0,"parent":0,"menu_order":1,"comment_status":"open","ping_status":"open","template":"","meta":{"_acf_changed":false,"_monsterinsights_skip_tracking":false,"_monsterinsights_sitenote_active":false,"_monsterinsights_sitenote_note":"","_monsterinsights_sitenote_category":0,"footnotes":""},"class_list":["post-1952","page","type-page","status-publish","hentry"],"acf":[],"yoast_head":"<!-- This site is optimized with the Yoast SEO plugin v21.9.1 - https:\/\/yoast.com\/wordpress\/plugins\/seo\/ -->\n<title>Mondial Foods est une entreprise d&#039;exportation mondiale.<\/title>\n<meta name=\"description\" content=\"Mondial Foods est une entreprise d&#039;exportation qui fournit des solutions alimentaires mondiales dans la viande, la volaille, les l\u00e9gumes, les frites et les produits laitiers\" \/>\n<meta name=\"robots\" content=\"index, follow, max-snippet:-1, max-image-preview:large, max-video-preview:-1\" \/>\n<link rel=\"canonical\" href=\"https:\/\/mondialfoods.s6.testremarkable.nl\/fr\/savoir-faire\/\" \/>\n<meta property=\"og:locale\" content=\"fr_FR\" \/>\n<meta property=\"og:type\" content=\"article\" \/>\n<meta property=\"og:title\" content=\"Mondial Foods est une entreprise d&#039;exportation mondiale.\" \/>\n<meta property=\"og:description\" content=\"Mondial Foods est une entreprise d&#039;exportation qui fournit des solutions alimentaires mondiales dans la viande, la volaille, les l\u00e9gumes, les frites et les produits laitiers\" \/>\n<meta property=\"og:url\" content=\"https:\/\/mondialfoods.s6.testremarkable.nl\/fr\/savoir-faire\/\" \/>\n<meta property=\"og:site_name\" content=\"Mondial Foods\" \/>\n<meta property=\"article:modified_time\" content=\"2024-07-05T13:24:22+00:00\" \/>\n<meta property=\"og:image\" content=\"https:\/\/mondialfoods.s6.testremarkable.nl\/wp-content\/uploads\/Mission-Vision-Values-FR.jpg\" \/>\n<meta name=\"twitter:label1\" content=\"Dur\u00e9e de lecture estim\u00e9e\" \/>\n\t<meta name=\"twitter:data1\" content=\"3 minutes\" \/>\n<script type=\"application\/ld+json\" class=\"yoast-schema-graph\">{\"@context\":\"https:\/\/schema.org\",\"@graph\":[{\"@type\":\"WebPage\",\"@id\":\"https:\/\/mondialfoods.s6.testremarkable.nl\/fr\/savoir-faire\/\",\"url\":\"https:\/\/mondialfoods.s6.testremarkable.nl\/fr\/savoir-faire\/\",\"name\":\"Mondial Foods est une entreprise d'exportation mondiale.\",\"isPartOf\":{\"@id\":\"https:\/\/mondialfoods.s6.testremarkable.nl\/en\/#website\"},\"datePublished\":\"2020-04-12T23:30:00+00:00\",\"dateModified\":\"2024-07-05T13:24:22+00:00\",\"description\":\"Mondial Foods est une entreprise d'exportation qui fournit des solutions alimentaires mondiales dans la viande, la volaille, les l\u00e9gumes, les frites et les produits laitiers\",\"breadcrumb\":{\"@id\":\"https:\/\/mondialfoods.s6.testremarkable.nl\/fr\/savoir-faire\/#breadcrumb\"},\"inLanguage\":\"fr-FR\",\"potentialAction\":[{\"@type\":\"ReadAction\",\"target\":[\"https:\/\/mondialfoods.s6.testremarkable.nl\/fr\/savoir-faire\/\"]}]},{\"@type\":\"BreadcrumbList\",\"@id\":\"https:\/\/mondialfoods.s6.testremarkable.nl\/fr\/savoir-faire\/#breadcrumb\",\"itemListElement\":[{\"@type\":\"ListItem\",\"position\":1,\"name\":\"Home\",\"item\":\"https:\/\/mondialfoods.s6.testremarkable.nl\/fr\/\"},{\"@type\":\"ListItem\",\"position\":2,\"name\":\"\u00c0 propos de Mondial Foods\"}]},{\"@type\":\"WebSite\",\"@id\":\"https:\/\/mondialfoods.s6.testremarkable.nl\/en\/#website\",\"url\":\"https:\/\/mondialfoods.s6.testremarkable.nl\/en\/\",\"name\":\"Mondial Foods\",\"description\":\"A worldwide food solution\",\"potentialAction\":[{\"@type\":\"SearchAction\",\"target\":{\"@type\":\"EntryPoint\",\"urlTemplate\":\"https:\/\/mondialfoods.s6.testremarkable.nl\/en\/?s={search_term_string}\"},\"query-input\":\"required name=search_term_string\"}],\"inLanguage\":\"fr-FR\"}]}<\/script>\n<!-- \/ Yoast SEO plugin. -->","yoast_head_json":{"title":"Mondial Foods est une entreprise d'exportation mondiale.","description":"Mondial Foods est une entreprise d'exportation qui fournit des solutions alimentaires mondiales dans la viande, la volaille, les l\u00e9gumes, les frites et les produits laitiers","robots":{"index":"index","follow":"follow","max-snippet":"max-snippet:-1","max-image-preview":"max-image-preview:large","max-video-preview":"max-video-preview:-1"},"canonical":"https:\/\/mondialfoods.s6.testremarkable.nl\/fr\/savoir-faire\/","og_locale":"fr_FR","og_type":"article","og_title":"Mondial Foods est une entreprise d'exportation mondiale.","og_description":"Mondial Foods est une entreprise d'exportation qui fournit des solutions alimentaires mondiales dans la viande, la volaille, les l\u00e9gumes, les frites et les produits laitiers","og_url":"https:\/\/mondialfoods.s6.testremarkable.nl\/fr\/savoir-faire\/","og_site_name":"Mondial Foods","article_modified_time":"2024-07-05T13:24:22+00:00","og_image":[{"url":"https:\/\/mondialfoods.s6.testremarkable.nl\/wp-content\/uploads\/Mission-Vision-Values-FR.jpg"}],"twitter_misc":{"Dur\u00e9e de lecture estim\u00e9e":"3 minutes"},"schema":{"@context":"https:\/\/schema.org","@graph":[{"@type":"WebPage","@id":"https:\/\/mondialfoods.s6.testremarkable.nl\/fr\/savoir-faire\/","url":"https:\/\/mondialfoods.s6.testremarkable.nl\/fr\/savoir-faire\/","name":"Mondial Foods est une entreprise d'exportation mondiale.","isPartOf":{"@id":"https:\/\/mondialfoods.s6.testremarkable.nl\/en\/#website"},"datePublished":"2020-04-12T23:30:00+00:00","dateModified":"2024-07-05T13:24:22+00:00","description":"Mondial Foods est une entreprise d'exportation qui fournit des solutions alimentaires mondiales dans la viande, la volaille, les l\u00e9gumes, les frites et les produits laitiers","breadcrumb":{"@id":"https:\/\/mondialfoods.s6.testremarkable.nl\/fr\/savoir-faire\/#breadcrumb"},"inLanguage":"fr-FR","potentialAction":[{"@type":"ReadAction","target":["https:\/\/mondialfoods.s6.testremarkable.nl\/fr\/savoir-faire\/"]}]},{"@type":"BreadcrumbList","@id":"https:\/\/mondialfoods.s6.testremarkable.nl\/fr\/savoir-faire\/#breadcrumb","itemListElement":[{"@type":"ListItem","position":1,"name":"Home","item":"https:\/\/mondialfoods.s6.testremarkable.nl\/fr\/"},{"@type":"ListItem","position":2,"name":"\u00c0 propos de Mondial Foods"}]},{"@type":"WebSite","@id":"https:\/\/mondialfoods.s6.testremarkable.nl\/en\/#website","url":"https:\/\/mondialfoods.s6.testremarkable.nl\/en\/","name":"Mondial Foods","description":"A worldwide food solution","potentialAction":[{"@type":"SearchAction","target":{"@type":"EntryPoint","urlTemplate":"https:\/\/mondialfoods.s6.testremarkable.nl\/en\/?s={search_term_string}"},"query-input":"required name=search_term_string"}],"inLanguage":"fr-FR"}]}},"_links":{"self":[{"href":"https:\/\/mondialfoods.s6.testremarkable.nl\/fr\/wp-json\/wp\/v2\/pages\/1952"}],"collection":[{"href":"https:\/\/mondialfoods.s6.testremarkable.nl\/fr\/wp-json\/wp\/v2\/pages"}],"about":[{"href":"https:\/\/mondialfoods.s6.testremarkable.nl\/fr\/wp-json\/wp\/v2\/types\/page"}],"author":[{"embeddable":true,"href":"https:\/\/mondialfoods.s6.testremarkable.nl\/fr\/wp-json\/wp\/v2\/users\/2"}],"replies":[{"embeddable":true,"href":"https:\/\/mondialfoods.s6.testremarkable.nl\/fr\/wp-json\/wp\/v2\/comments?post=1952"}],"version-history":[{"count":2,"href":"https:\/\/mondialfoods.s6.testremarkable.nl\/fr\/wp-json\/wp\/v2\/pages\/1952\/revisions"}],"predecessor-version":[{"id":4112,"href":"https:\/\/mondialfoods.s6.testremarkable.nl\/fr\/wp-json\/wp\/v2\/pages\/1952\/revisions\/4112"}],"wp:attachment":[{"href":"https:\/\/mondialfoods.s6.testremarkable.nl\/fr\/wp-json\/wp\/v2\/media?parent=1952"}],"curies":[{"name":"wp","href":"https:\/\/api.w.org\/{rel}","templated":true}]}}