{"id":2293,"date":"2015-03-10T14:53:44","date_gmt":"2015-03-10T14:53:44","guid":{"rendered":"https:\/\/mondialfoods.s6.testremarkable.nl\/contact\/brazilian-office\/"},"modified":"2023-03-02T17:16:14","modified_gmt":"2023-03-02T17:16:14","slug":"bureau-bresilien","status":"publish","type":"page","link":"https:\/\/mondialfoods.s6.testremarkable.nl\/fr\/contact\/bureau-bresilien\/","title":{"rendered":"Br\u00e9sil"},"content":{"rendered":"","protected":false},"excerpt":{"rendered":"","protected":false},"author":1,"featured_media":0,"parent":2250,"menu_order":2,"comment_status":"open","ping_status":"open","template":"template-country.php","meta":{"_acf_changed":false,"_monsterinsights_skip_tracking":false,"_monsterinsights_sitenote_active":false,"_monsterinsights_sitenote_note":"","_monsterinsights_sitenote_category":0,"footnotes":""},"class_list":["post-2293","page","type-page","status-publish","hentry"],"acf":[],"yoast_head":"<!-- This site is optimized with the Yoast SEO plugin v21.9.1 - https:\/\/yoast.com\/wordpress\/plugins\/seo\/ -->\n<title>Pour plus d&#039;informations, veuillez contacter notre bureau br\u00e9silien<\/title>\n<meta name=\"description\" content=\"En plus de notre bureau d&#039;achat aux Pays-Bas, aux \u00c9tats-Unis et aux Philippines, Mondial Foods dispose \u00e9galement d&#039;un bureau br\u00e9silien.\" \/>\n<meta name=\"robots\" content=\"index, follow, max-snippet:-1, max-image-preview:large, max-video-preview:-1\" \/>\n<link rel=\"canonical\" href=\"https:\/\/mondialfoods.s6.testremarkable.nl\/en\/contact\/brazilian-office\/\" \/>\n<meta property=\"og:locale\" content=\"fr_FR\" \/>\n<meta property=\"og:type\" content=\"article\" \/>\n<meta property=\"og:title\" content=\"Pour plus d&#039;informations, veuillez contacter notre bureau br\u00e9silien\" \/>\n<meta property=\"og:description\" content=\"En plus de notre bureau d&#039;achat aux Pays-Bas, aux \u00c9tats-Unis et aux Philippines, Mondial Foods dispose \u00e9galement d&#039;un bureau br\u00e9silien.\" \/>\n<meta property=\"og:url\" content=\"https:\/\/mondialfoods.s6.testremarkable.nl\/en\/contact\/brazilian-office\/\" \/>\n<meta property=\"og:site_name\" content=\"Mondial Foods\" \/>\n<meta property=\"article:modified_time\" content=\"2023-03-02T17:16:14+00:00\" \/>\n<script type=\"application\/ld+json\" class=\"yoast-schema-graph\">{\"@context\":\"https:\/\/schema.org\",\"@graph\":[{\"@type\":\"WebPage\",\"@id\":\"https:\/\/mondialfoods.s6.testremarkable.nl\/en\/contact\/brazilian-office\/\",\"url\":\"https:\/\/mondialfoods.s6.testremarkable.nl\/en\/contact\/brazilian-office\/\",\"name\":\"Pour plus d'informations, veuillez contacter notre bureau br\u00e9silien\",\"isPartOf\":{\"@id\":\"https:\/\/mondialfoods.s6.testremarkable.nl\/en\/#website\"},\"datePublished\":\"2015-03-10T14:53:44+00:00\",\"dateModified\":\"2023-03-02T17:16:14+00:00\",\"description\":\"En plus de notre bureau d'achat aux Pays-Bas, aux \u00c9tats-Unis et aux Philippines, Mondial Foods dispose \u00e9galement d'un bureau br\u00e9silien.\",\"breadcrumb\":{\"@id\":\"https:\/\/mondialfoods.s6.testremarkable.nl\/en\/contact\/brazilian-office\/#breadcrumb\"},\"inLanguage\":\"fr-FR\",\"potentialAction\":[{\"@type\":\"ReadAction\",\"target\":[\"https:\/\/mondialfoods.s6.testremarkable.nl\/en\/contact\/brazilian-office\/\"]}]},{\"@type\":\"BreadcrumbList\",\"@id\":\"https:\/\/mondialfoods.s6.testremarkable.nl\/en\/contact\/brazilian-office\/#breadcrumb\",\"itemListElement\":[{\"@type\":\"ListItem\",\"position\":1,\"name\":\"Home\",\"item\":\"https:\/\/mondialfoods.s6.testremarkable.nl\/fr\/\"},{\"@type\":\"ListItem\",\"position\":2,\"name\":\"Contact\",\"item\":\"https:\/\/mondialfoods.s6.testremarkable.nl\/fr\/contact\/\"},{\"@type\":\"ListItem\",\"position\":3,\"name\":\"Br\u00e9sil\"}]},{\"@type\":\"WebSite\",\"@id\":\"https:\/\/mondialfoods.s6.testremarkable.nl\/en\/#website\",\"url\":\"https:\/\/mondialfoods.s6.testremarkable.nl\/en\/\",\"name\":\"Mondial Foods\",\"description\":\"A worldwide food solution\",\"potentialAction\":[{\"@type\":\"SearchAction\",\"target\":{\"@type\":\"EntryPoint\",\"urlTemplate\":\"https:\/\/mondialfoods.s6.testremarkable.nl\/en\/?s={search_term_string}\"},\"query-input\":\"required name=search_term_string\"}],\"inLanguage\":\"fr-FR\"}]}<\/script>\n<!-- \/ Yoast SEO plugin. -->","yoast_head_json":{"title":"Pour plus d'informations, veuillez contacter notre bureau br\u00e9silien","description":"En plus de notre bureau d'achat aux Pays-Bas, aux \u00c9tats-Unis et aux Philippines, Mondial Foods dispose \u00e9galement d'un bureau br\u00e9silien.","robots":{"index":"index","follow":"follow","max-snippet":"max-snippet:-1","max-image-preview":"max-image-preview:large","max-video-preview":"max-video-preview:-1"},"canonical":"https:\/\/mondialfoods.s6.testremarkable.nl\/en\/contact\/brazilian-office\/","og_locale":"fr_FR","og_type":"article","og_title":"Pour plus d'informations, veuillez contacter notre bureau br\u00e9silien","og_description":"En plus de notre bureau d'achat aux Pays-Bas, aux \u00c9tats-Unis et aux Philippines, Mondial Foods dispose \u00e9galement d'un bureau br\u00e9silien.","og_url":"https:\/\/mondialfoods.s6.testremarkable.nl\/en\/contact\/brazilian-office\/","og_site_name":"Mondial Foods","article_modified_time":"2023-03-02T17:16:14+00:00","schema":{"@context":"https:\/\/schema.org","@graph":[{"@type":"WebPage","@id":"https:\/\/mondialfoods.s6.testremarkable.nl\/en\/contact\/brazilian-office\/","url":"https:\/\/mondialfoods.s6.testremarkable.nl\/en\/contact\/brazilian-office\/","name":"Pour plus d'informations, veuillez contacter notre bureau br\u00e9silien","isPartOf":{"@id":"https:\/\/mondialfoods.s6.testremarkable.nl\/en\/#website"},"datePublished":"2015-03-10T14:53:44+00:00","dateModified":"2023-03-02T17:16:14+00:00","description":"En plus de notre bureau d'achat aux Pays-Bas, aux \u00c9tats-Unis et aux Philippines, Mondial Foods dispose \u00e9galement d'un bureau br\u00e9silien.","breadcrumb":{"@id":"https:\/\/mondialfoods.s6.testremarkable.nl\/en\/contact\/brazilian-office\/#breadcrumb"},"inLanguage":"fr-FR","potentialAction":[{"@type":"ReadAction","target":["https:\/\/mondialfoods.s6.testremarkable.nl\/en\/contact\/brazilian-office\/"]}]},{"@type":"BreadcrumbList","@id":"https:\/\/mondialfoods.s6.testremarkable.nl\/en\/contact\/brazilian-office\/#breadcrumb","itemListElement":[{"@type":"ListItem","position":1,"name":"Home","item":"https:\/\/mondialfoods.s6.testremarkable.nl\/fr\/"},{"@type":"ListItem","position":2,"name":"Contact","item":"https:\/\/mondialfoods.s6.testremarkable.nl\/fr\/contact\/"},{"@type":"ListItem","position":3,"name":"Br\u00e9sil"}]},{"@type":"WebSite","@id":"https:\/\/mondialfoods.s6.testremarkable.nl\/en\/#website","url":"https:\/\/mondialfoods.s6.testremarkable.nl\/en\/","name":"Mondial Foods","description":"A worldwide food solution","potentialAction":[{"@type":"SearchAction","target":{"@type":"EntryPoint","urlTemplate":"https:\/\/mondialfoods.s6.testremarkable.nl\/en\/?s={search_term_string}"},"query-input":"required name=search_term_string"}],"inLanguage":"fr-FR"}]}},"_links":{"self":[{"href":"https:\/\/mondialfoods.s6.testremarkable.nl\/fr\/wp-json\/wp\/v2\/pages\/2293"}],"collection":[{"href":"https:\/\/mondialfoods.s6.testremarkable.nl\/fr\/wp-json\/wp\/v2\/pages"}],"about":[{"href":"https:\/\/mondialfoods.s6.testremarkable.nl\/fr\/wp-json\/wp\/v2\/types\/page"}],"author":[{"embeddable":true,"href":"https:\/\/mondialfoods.s6.testremarkable.nl\/fr\/wp-json\/wp\/v2\/users\/1"}],"replies":[{"embeddable":true,"href":"https:\/\/mondialfoods.s6.testremarkable.nl\/fr\/wp-json\/wp\/v2\/comments?post=2293"}],"version-history":[{"count":0,"href":"https:\/\/mondialfoods.s6.testremarkable.nl\/fr\/wp-json\/wp\/v2\/pages\/2293\/revisions"}],"up":[{"embeddable":true,"href":"https:\/\/mondialfoods.s6.testremarkable.nl\/fr\/wp-json\/wp\/v2\/pages\/2250"}],"wp:attachment":[{"href":"https:\/\/mondialfoods.s6.testremarkable.nl\/fr\/wp-json\/wp\/v2\/media?parent=2293"}],"curies":[{"name":"wp","href":"https:\/\/api.w.org\/{rel}","templated":true}]}}